{"id":1496,"date":"2019-03-12T21:28:28","date_gmt":"2019-03-12T21:28:28","guid":{"rendered":"https:\/\/www.adriansanchezgarrido.com\/sobre-mi\/"},"modified":"2019-11-21T18:29:12","modified_gmt":"2019-11-21T18:29:12","slug":"about-me","status":"publish","type":"page","link":"https:\/\/www.adriansanchezgarrido.com\/en\/about-me\/","title":{"rendered":"About me"},"content":{"rendered":"<p><div class=\"fusion-fullwidth fullwidth-box fusion-builder-row-1 nonhundred-percent-fullwidth non-hundred-percent-height-scrolling\" style=\"--awb-border-radius-top-left:0px;--awb-border-radius-top-right:0px;--awb-border-radius-bottom-right:0px;--awb-border-radius-bottom-left:0px;--awb-padding-top:8%;--awb-flex-wrap:wrap;\" ><div class=\"fusion-builder-row fusion-row\"><div class=\"fusion-layout-column fusion_builder_column fusion-builder-column-0 fusion_builder_column_3_4 3_4 fusion-three-fourth fusion-column-first fusion-animated\" style=\"--awb-bg-size:cover;--awb-margin-top:0px;--awb-margin-bottom:0px;width:75%;width:calc(75% - ( ( 4% ) * 0.75 ) );margin-right: 4%;\" data-animationType=\"fadeInLeft\" data-animationDuration=\"0.8\" data-animationOffset=\"top-into-view\"><div class=\"fusion-column-wrapper fusion-column-has-shadow fusion-flex-column-wrapper-legacy\"><div class=\"fusion-title title fusion-title-1 fusion-sep-none fusion-title-text fusion-title-size-two\" style=\"--awb-margin-top-small:0px;--awb-margin-right-small:0px;--awb-margin-bottom-small:20px;--awb-margin-left-small:0px;\"><h2 class=\"fusion-title-heading title-heading-left fusion-responsive-typography-calculated\" style=\"margin:0;--fontSize:72;line-height:1.28;\">Adri\u00e1n S\u00e1nchez Garrido, artist.<\/h2><\/div><div class=\"fusion-sep-clear\"><\/div><div class=\"fusion-separator fusion-clearfix\" style=\"float:left;margin-top:5%;margin-bottom:2%;width:100%;max-width:32px;\"><div class=\"fusion-separator-border sep-single sep-solid\" style=\"--awb-height:20px;--awb-amount:20px;--awb-sep-color:#181818;border-color:#181818;border-top-width:2px;\"><\/div><\/div><div class=\"fusion-sep-clear\"><\/div><div class=\"fusion-clearfix\"><\/div><\/div><\/div><div class=\"fusion-layout-column fusion_builder_column fusion-builder-column-1 fusion_builder_column_1_4 1_4 fusion-one-fourth fusion-column-last fusion-no-small-visibility fusion-no-medium-visibility\" style=\"--awb-bg-size:cover;width:25%;width:calc(25% - ( ( 4% ) * 0.25 ) );\"><div class=\"fusion-column-wrapper fusion-flex-column-wrapper-legacy\"><div class=\"fusion-clearfix\"><\/div><\/div><\/div><\/div><\/div><div class=\"fusion-fullwidth fullwidth-box fusion-builder-row-2 nonhundred-percent-fullwidth non-hundred-percent-height-scrolling fusion-equal-height-columns fusion-no-small-visibility\" style=\"--awb-border-radius-top-left:0px;--awb-border-radius-top-right:0px;--awb-border-radius-bottom-right:0px;--awb-border-radius-bottom-left:0px;--awb-padding-top:2%;--awb-padding-bottom:5%;--awb-flex-wrap:wrap;\" ><div class=\"fusion-builder-row fusion-row\"><div class=\"fusion-layout-column fusion_builder_column fusion-builder-column-2 fusion_builder_column_2_5 2_5 fusion-two-fifth fusion-column-first fusion-animated\" style=\"--awb-padding-top:20px;--awb-bg-size:cover;--awb-border-color:#f1f1f1;--awb-border-top:2px;--awb-border-style:solid;width:40%;width:calc(40% - ( ( 7% ) * 0.4 ) );margin-right: 7%;\" data-animationType=\"fadeInLeft\" data-animationDuration=\"0.8\" data-animationOffset=\"top-into-view\"><div class=\"fusion-column-wrapper fusion-column-has-shadow fusion-flex-column-wrapper-legacy\"><div class=\"fusion-text fusion-text-1 caption\"><p>Get to know me better<\/p>\n<\/div><div class=\"fusion-sep-clear\"><\/div><div class=\"fusion-separator fusion-no-small-visibility fusion-no-medium-visibility fusion-full-width-sep\" style=\"margin-left: auto;margin-right: auto;margin-top:100px;width:100%;\"><\/div><div class=\"fusion-sep-clear\"><\/div><div class=\"fusion-title title fusion-title-2 fusion-sep-none fusion-title-text fusion-title-size-four\" style=\"--awb-margin-top-small:0px;--awb-margin-right-small:0px;--awb-margin-bottom-small:20px;--awb-margin-left-small:0px;\"><h4 class=\"fusion-title-heading title-heading-left fusion-responsive-typography-calculated\" style=\"margin:0;--fontSize:26;--minFontSize:26;line-height:1.5;\">Who am I<\/h4><\/div><div class=\"fusion-text fusion-text-2\"><p>I am Adri\u00e1n S\u00e1nchez, artist, born in Calella (Barcelona) in 1984. Painter of my own catharsis, I give all the strength and power to my work, which mixes color and matter to offer a very personal psychoanalysis.<\/p>\n<div class=\"fusion-sep-clear\"><\/div><div class=\"fusion-separator fusion-full-width-sep\" style=\"margin-left: auto;margin-right: auto;margin-top:20px;width:100%;\"><\/div><div class=\"fusion-sep-clear\"><\/div>\n<p><span style=\"font-size: 22px; line-height: 1.5em;\">\u201cMy art is, in essence, humanity expressed\u201d<\/span><\/p>\n<\/div><div class=\"fusion-text fusion-text-3\"><p>Pictures, portraits in their majority, that can not leave indifferent and with which the viewer can not avoid making the most basic and deep human emotions, which become the raw material of my work.<\/p>\n<\/div><div class=\"fusion-sep-clear\"><\/div><div class=\"fusion-separator fusion-no-small-visibility fusion-no-medium-visibility fusion-full-width-sep\" style=\"margin-left: auto;margin-right: auto;margin-top:35px;width:100%;\"><\/div><div class=\"fusion-sep-clear\"><\/div><div class=\"fusion-title title fusion-title-3 fusion-sep-none fusion-title-text fusion-title-size-four\" style=\"--awb-margin-top-small:0px;--awb-margin-right-small:0px;--awb-margin-bottom-small:20px;--awb-margin-left-small:0px;\"><h4 class=\"fusion-title-heading title-heading-left fusion-responsive-typography-calculated\" style=\"margin:0;--fontSize:26;--minFontSize:26;line-height:1.5;\">Exhibitions and awards<\/h4><\/div><div class=\"fusion-text fusion-text-4\"><p><strong>2019<\/strong> \u00b7 Feast of I art. Bahari Club. Calella<br \/>\n<strong>2019<\/strong> \u00b7 Exhibition Finalists 8th Humet Saula Painting Contest. <em>Ajuntament Vell de Calella.<\/em><br \/>\n<strong>2019<\/strong> \u00b7 2nd Prize, 8th Painting HUMET SAULA Contest.<\/p>\n<\/div><div class=\"fusion-clearfix\"><\/div><\/div><\/div><div class=\"fusion-layout-column fusion_builder_column fusion-builder-column-3 fusion_builder_column_3_5 3_5 fusion-three-fifth fusion-column-last fusion-animated\" style=\"--awb-bg-image:url(&#039;https:\/\/www.adriansanchezgarrido.com\/wp-content\/uploads\/2019\/11\/adriansg-estudio-horiz-1024x792.jpg&#039;);--awb-bg-position:center bottom;--awb-bg-size:cover;width:60%;width:calc(60% - ( ( 7% ) * 0.6 ) );\" data-animationType=\"fadeInRight\" data-animationDuration=\"0.8\" data-animationOffset=\"top-into-view\"><div class=\"fusion-column-wrapper fusion-column-has-shadow fusion-flex-column-wrapper-legacy fusion-column-has-bg-image\" data-bg-url=\"https:\/\/www.adriansanchezgarrido.com\/wp-content\/uploads\/2019\/11\/adriansg-estudio-horiz-1024x792.jpg\"><div class=\"fusion-sep-clear\"><\/div><div class=\"fusion-separator fusion-full-width-sep\" style=\"margin-left: auto;margin-right: auto;margin-top:300px;width:100%;\"><\/div><div class=\"fusion-sep-clear\"><\/div><div class=\"fusion-clearfix\"><\/div><\/div><\/div><\/div><\/div><div class=\"fusion-fullwidth fullwidth-box fusion-builder-row-3 nonhundred-percent-fullwidth non-hundred-percent-height-scrolling fusion-equal-height-columns fusion-no-medium-visibility fusion-no-large-visibility\" style=\"--awb-border-radius-top-left:0px;--awb-border-radius-top-right:0px;--awb-border-radius-bottom-right:0px;--awb-border-radius-bottom-left:0px;--awb-padding-top:5%;--awb-padding-bottom:5%;--awb-flex-wrap:wrap;\" ><div class=\"fusion-builder-row fusion-row\"><div class=\"fusion-layout-column fusion_builder_column fusion-builder-column-4 fusion_builder_column_3_5 3_5 fusion-three-fifth fusion-column-first fusion-animated\" style=\"--awb-bg-image:url(&#039;https:\/\/www.adriansanchezgarrido.com\/wp-content\/uploads\/2019\/11\/adriansg-estudio-horiz-1024x792.jpg&#039;);--awb-bg-position:center bottom;--awb-bg-size:cover;width:60%;width:calc(60% - ( ( 7% ) * 0.6 ) );margin-right: 7%;\" data-animationType=\"fadeInDown\" data-animationDuration=\"0.8\" data-animationOffset=\"top-into-view\"><div class=\"fusion-column-wrapper fusion-column-has-shadow fusion-flex-column-wrapper-legacy fusion-column-has-bg-image\" data-bg-url=\"https:\/\/www.adriansanchezgarrido.com\/wp-content\/uploads\/2019\/11\/adriansg-estudio-horiz-1024x792.jpg\"><div class=\"fusion-sep-clear\"><\/div><div class=\"fusion-separator fusion-full-width-sep\" style=\"margin-left: auto;margin-right: auto;margin-top:250px;width:100%;\"><\/div><div class=\"fusion-sep-clear\"><\/div><div class=\"fusion-clearfix\"><\/div><\/div><\/div><div class=\"fusion-layout-column fusion_builder_column fusion-builder-column-5 fusion_builder_column_2_5 2_5 fusion-two-fifth fusion-column-last fusion-animated\" style=\"--awb-padding-top:20px;--awb-bg-size:cover;--awb-border-color:#f1f1f1;--awb-border-top:2px;--awb-border-style:solid;width:40%;width:calc(40% - ( ( 7% ) * 0.4 ) );\" data-animationType=\"fadeInDown\" data-animationDuration=\"0.8\" data-animationOffset=\"top-into-view\"><div class=\"fusion-column-wrapper fusion-column-has-shadow fusion-flex-column-wrapper-legacy\"><div class=\"fusion-text fusion-text-5 caption\"><p>Get to know me better<\/p>\n<\/div><div class=\"fusion-sep-clear\"><\/div><div class=\"fusion-separator fusion-no-small-visibility fusion-no-medium-visibility fusion-full-width-sep\" style=\"margin-left: auto;margin-right: auto;margin-top:220px;width:100%;\"><\/div><div class=\"fusion-sep-clear\"><\/div><div class=\"fusion-title title fusion-title-4 fusion-sep-none fusion-title-text fusion-title-size-four\" style=\"--awb-margin-top-small:0px;--awb-margin-right-small:0px;--awb-margin-bottom-small:20px;--awb-margin-left-small:0px;\"><h4 class=\"fusion-title-heading title-heading-left fusion-responsive-typography-calculated\" style=\"margin:0;--fontSize:26;--minFontSize:26;line-height:1.5;\"><div class=\"text-wrap tlid-copy-target\">Who I am<\/div><\/h4><\/div><div class=\"fusion-text fusion-text-6\"><p>I am <strong>Adri\u00e1n S\u00e1nchez<\/strong>, artist, born in Calella (Barcelona) in 1984. Painter of my own catharsis, I give all the strength and power to my work, which mixes color and matter to offer a very personal psychoanalysis.<\/p>\n<h4><em>\u201cMy art is, in essence, humanity expressed\u201d<\/em><\/h4>\n<p>Pictures, portraits in their majority, that can not leave indifferent and with which the viewer can not avoid making the most basic and deep human emotions, which become the raw material of my work.<\/p>\n<\/div><div class=\"fusion-sep-clear\"><\/div><div class=\"fusion-separator fusion-no-small-visibility fusion-no-medium-visibility fusion-full-width-sep\" style=\"margin-left: auto;margin-right: auto;margin-top:35px;width:100%;\"><\/div><div class=\"fusion-sep-clear\"><\/div><div class=\"fusion-title title fusion-title-5 fusion-sep-none fusion-title-text fusion-title-size-four\" style=\"--awb-margin-top-small:0px;--awb-margin-right-small:0px;--awb-margin-bottom-small:20px;--awb-margin-left-small:0px;\"><h4 class=\"fusion-title-heading title-heading-left fusion-responsive-typography-calculated\" style=\"margin:0;--fontSize:26;--minFontSize:26;line-height:1.5;\">Exhibitions and awards<\/h4><\/div><div class=\"fusion-text fusion-text-7\"><p><strong>2019<\/strong> \u00b7 Feast of I art. Bahari Club. Calella<br \/>\n<strong>2019<\/strong> \u00b7 Exhibition Finalists 8th Humet Saula Painting Contest. <em>Ajuntament Vell de Calella.<\/em><br \/>\n<strong>2019<\/strong> \u00b7 2nd Prize, 8th Painting HUMET SAULA Contest.<\/p>\n<\/div><div class=\"fusion-clearfix\"><\/div><\/div><\/div><\/div><\/div><\/p>\n","protected":false},"excerpt":{"rendered":"","protected":false},"author":1,"featured_media":0,"parent":0,"menu_order":0,"comment_status":"closed","ping_status":"closed","template":"100-width.php","meta":{"rs_blank_template":"","rs_page_bg_color":"","slide_template_v7":"","footnotes":""},"class_list":["post-1496","page","type-page","status-publish","hentry"],"yoast_head":"<!-- This site is optimized with the Yoast SEO plugin v27.1.1 - https:\/\/yoast.com\/product\/yoast-seo-wordpress\/ -->\n<title>About me &#183; Adri\u00e1n S\u00e1nchez Garrido, artist. Very personal Portraits<\/title>\n<meta name=\"description\" content=\"I am Adri\u00e1n S\u00e1nchez, an artist, borned in Calella (Barcelona) in 1984. Painter of my own catharsis gave all the strength and power to my work.\" \/>\n<meta name=\"robots\" content=\"index, follow, max-snippet:-1, max-image-preview:large, max-video-preview:-1\" \/>\n<link rel=\"canonical\" href=\"https:\/\/www.adriansanchezgarrido.com\/en\/about-me\/\" \/>\n<meta property=\"og:locale\" content=\"en_US\" \/>\n<meta property=\"og:type\" content=\"article\" \/>\n<meta property=\"og:title\" content=\"About me &#183; Adri\u00e1n S\u00e1nchez Garrido, artist. Very personal Portraits\" \/>\n<meta property=\"og:description\" content=\"I am Adri\u00e1n S\u00e1nchez, an artist, borned in Calella (Barcelona) in 1984. Painter of my own catharsis gave all the strength and power to my work.\" \/>\n<meta property=\"og:url\" content=\"https:\/\/www.adriansanchezgarrido.com\/en\/about-me\/\" \/>\n<meta property=\"og:site_name\" content=\"Adri\u00e1n S\u00e1nchez Garrido\" \/>\n<meta property=\"article:modified_time\" content=\"2019-11-21T18:29:12+00:00\" \/>\n<meta name=\"twitter:card\" content=\"summary_large_image\" \/>\n<meta name=\"twitter:label1\" content=\"Est. reading time\" \/>\n\t<meta name=\"twitter:data1\" content=\"12 minutes\" \/>\n<script type=\"application\/ld+json\" class=\"yoast-schema-graph\">{\"@context\":\"https:\/\/schema.org\",\"@graph\":[{\"@type\":\"WebPage\",\"@id\":\"https:\/\/www.adriansanchezgarrido.com\/en\/about-me\/\",\"url\":\"https:\/\/www.adriansanchezgarrido.com\/en\/about-me\/\",\"name\":\"About me &#183; Adri\u00e1n S\u00e1nchez Garrido, artist. Very personal Portraits\",\"isPartOf\":{\"@id\":\"https:\/\/www.adriansanchezgarrido.com\/en\/#website\"},\"datePublished\":\"2019-03-12T21:28:28+00:00\",\"dateModified\":\"2019-11-21T18:29:12+00:00\",\"description\":\"I am Adri\u00e1n S\u00e1nchez, an artist, borned in Calella (Barcelona) in 1984. Painter of my own catharsis gave all the strength and power to my work.\",\"breadcrumb\":{\"@id\":\"https:\/\/www.adriansanchezgarrido.com\/en\/about-me\/#breadcrumb\"},\"inLanguage\":\"en-US\",\"potentialAction\":[{\"@type\":\"ReadAction\",\"target\":[\"https:\/\/www.adriansanchezgarrido.com\/en\/about-me\/\"]}]},{\"@type\":\"BreadcrumbList\",\"@id\":\"https:\/\/www.adriansanchezgarrido.com\/en\/about-me\/#breadcrumb\",\"itemListElement\":[{\"@type\":\"ListItem\",\"position\":1,\"name\":\"Portada\",\"item\":\"https:\/\/www.adriansanchezgarrido.com\/en\/\"},{\"@type\":\"ListItem\",\"position\":2,\"name\":\"About me\"}]},{\"@type\":\"WebSite\",\"@id\":\"https:\/\/www.adriansanchezgarrido.com\/en\/#website\",\"url\":\"https:\/\/www.adriansanchezgarrido.com\/en\/\",\"name\":\"Adri\u00e1n S\u00e1nchez Garrido\",\"description\":\"Mi blog de WordPress\",\"publisher\":{\"@id\":\"https:\/\/www.adriansanchezgarrido.com\/en\/#\/schema\/person\/082df2fa2a5591dd520278532382b2d3\"},\"potentialAction\":[{\"@type\":\"SearchAction\",\"target\":{\"@type\":\"EntryPoint\",\"urlTemplate\":\"https:\/\/www.adriansanchezgarrido.com\/en\/?s={search_term_string}\"},\"query-input\":{\"@type\":\"PropertyValueSpecification\",\"valueRequired\":true,\"valueName\":\"search_term_string\"}}],\"inLanguage\":\"en-US\"},{\"@type\":[\"Person\",\"Organization\"],\"@id\":\"https:\/\/www.adriansanchezgarrido.com\/en\/#\/schema\/person\/082df2fa2a5591dd520278532382b2d3\",\"name\":\"Adri\u00e1n S\u00e1nchez Garrido\",\"image\":{\"@type\":\"ImageObject\",\"inLanguage\":\"en-US\",\"@id\":\"https:\/\/www.adriansanchezgarrido.com\/en\/#\/schema\/person\/image\/\",\"url\":\"https:\/\/www.adriansanchezgarrido.com\/wp-content\/uploads\/2019\/11\/firma-adriansg-w150.png\",\"contentUrl\":\"https:\/\/www.adriansanchezgarrido.com\/wp-content\/uploads\/2019\/11\/firma-adriansg-w150.png\",\"width\":150,\"height\":188,\"caption\":\"Adri\u00e1n S\u00e1nchez Garrido\"},\"logo\":{\"@id\":\"https:\/\/www.adriansanchezgarrido.com\/en\/#\/schema\/person\/image\/\"},\"sameAs\":[\"https:\/\/www.adriansanchezgarrido.com\/\"]}]}<\/script>\n<!-- \/ Yoast SEO plugin. -->","yoast_head_json":{"title":"About me &#183; Adri\u00e1n S\u00e1nchez Garrido, artist. Very personal Portraits","description":"I am Adri\u00e1n S\u00e1nchez, an artist, borned in Calella (Barcelona) in 1984. Painter of my own catharsis gave all the strength and power to my work.","robots":{"index":"index","follow":"follow","max-snippet":"max-snippet:-1","max-image-preview":"max-image-preview:large","max-video-preview":"max-video-preview:-1"},"canonical":"https:\/\/www.adriansanchezgarrido.com\/en\/about-me\/","og_locale":"en_US","og_type":"article","og_title":"About me &#183; Adri\u00e1n S\u00e1nchez Garrido, artist. Very personal Portraits","og_description":"I am Adri\u00e1n S\u00e1nchez, an artist, borned in Calella (Barcelona) in 1984. Painter of my own catharsis gave all the strength and power to my work.","og_url":"https:\/\/www.adriansanchezgarrido.com\/en\/about-me\/","og_site_name":"Adri\u00e1n S\u00e1nchez Garrido","article_modified_time":"2019-11-21T18:29:12+00:00","twitter_card":"summary_large_image","twitter_misc":{"Est. reading time":"12 minutes"},"schema":{"@context":"https:\/\/schema.org","@graph":[{"@type":"WebPage","@id":"https:\/\/www.adriansanchezgarrido.com\/en\/about-me\/","url":"https:\/\/www.adriansanchezgarrido.com\/en\/about-me\/","name":"About me &#183; Adri\u00e1n S\u00e1nchez Garrido, artist. Very personal Portraits","isPartOf":{"@id":"https:\/\/www.adriansanchezgarrido.com\/en\/#website"},"datePublished":"2019-03-12T21:28:28+00:00","dateModified":"2019-11-21T18:29:12+00:00","description":"I am Adri\u00e1n S\u00e1nchez, an artist, borned in Calella (Barcelona) in 1984. Painter of my own catharsis gave all the strength and power to my work.","breadcrumb":{"@id":"https:\/\/www.adriansanchezgarrido.com\/en\/about-me\/#breadcrumb"},"inLanguage":"en-US","potentialAction":[{"@type":"ReadAction","target":["https:\/\/www.adriansanchezgarrido.com\/en\/about-me\/"]}]},{"@type":"BreadcrumbList","@id":"https:\/\/www.adriansanchezgarrido.com\/en\/about-me\/#breadcrumb","itemListElement":[{"@type":"ListItem","position":1,"name":"Portada","item":"https:\/\/www.adriansanchezgarrido.com\/en\/"},{"@type":"ListItem","position":2,"name":"About me"}]},{"@type":"WebSite","@id":"https:\/\/www.adriansanchezgarrido.com\/en\/#website","url":"https:\/\/www.adriansanchezgarrido.com\/en\/","name":"Adri\u00e1n S\u00e1nchez Garrido","description":"Mi blog de WordPress","publisher":{"@id":"https:\/\/www.adriansanchezgarrido.com\/en\/#\/schema\/person\/082df2fa2a5591dd520278532382b2d3"},"potentialAction":[{"@type":"SearchAction","target":{"@type":"EntryPoint","urlTemplate":"https:\/\/www.adriansanchezgarrido.com\/en\/?s={search_term_string}"},"query-input":{"@type":"PropertyValueSpecification","valueRequired":true,"valueName":"search_term_string"}}],"inLanguage":"en-US"},{"@type":["Person","Organization"],"@id":"https:\/\/www.adriansanchezgarrido.com\/en\/#\/schema\/person\/082df2fa2a5591dd520278532382b2d3","name":"Adri\u00e1n S\u00e1nchez Garrido","image":{"@type":"ImageObject","inLanguage":"en-US","@id":"https:\/\/www.adriansanchezgarrido.com\/en\/#\/schema\/person\/image\/","url":"https:\/\/www.adriansanchezgarrido.com\/wp-content\/uploads\/2019\/11\/firma-adriansg-w150.png","contentUrl":"https:\/\/www.adriansanchezgarrido.com\/wp-content\/uploads\/2019\/11\/firma-adriansg-w150.png","width":150,"height":188,"caption":"Adri\u00e1n S\u00e1nchez Garrido"},"logo":{"@id":"https:\/\/www.adriansanchezgarrido.com\/en\/#\/schema\/person\/image\/"},"sameAs":["https:\/\/www.adriansanchezgarrido.com\/"]}]}},"_links":{"self":[{"href":"https:\/\/www.adriansanchezgarrido.com\/en\/wp-json\/wp\/v2\/pages\/1496","targetHints":{"allow":["GET"]}}],"collection":[{"href":"https:\/\/www.adriansanchezgarrido.com\/en\/wp-json\/wp\/v2\/pages"}],"about":[{"href":"https:\/\/www.adriansanchezgarrido.com\/en\/wp-json\/wp\/v2\/types\/page"}],"author":[{"embeddable":true,"href":"https:\/\/www.adriansanchezgarrido.com\/en\/wp-json\/wp\/v2\/users\/1"}],"replies":[{"embeddable":true,"href":"https:\/\/www.adriansanchezgarrido.com\/en\/wp-json\/wp\/v2\/comments?post=1496"}],"version-history":[{"count":0,"href":"https:\/\/www.adriansanchezgarrido.com\/en\/wp-json\/wp\/v2\/pages\/1496\/revisions"}],"wp:attachment":[{"href":"https:\/\/www.adriansanchezgarrido.com\/en\/wp-json\/wp\/v2\/media?parent=1496"}],"curies":[{"name":"wp","href":"https:\/\/api.w.org\/{rel}","templated":true}]}}